{"id":32761,"date":"2025-06-09T17:51:16","date_gmt":"2025-06-09T15:51:16","guid":{"rendered":"https:\/\/leonardome.com\/producto\/leonardome-50-gran-formato\/"},"modified":"2026-04-15T18:26:30","modified_gmt":"2026-04-15T16:26:30","slug":"leonardome-50-gran-formato","status":"publish","type":"product","link":"https:\/\/leonardome.com\/ca\/producte\/leonardome-50-gran-formato\/","title":{"rendered":"Leonardome 50 Gran Formato"},"content":{"rendered":"","protected":false},"excerpt":{"rendered":"<p>Una opci\u00f3n escalable ideal para crear grandes c\u00fapulas en grupos peque\u00f1os y espacios m\u00e1s reducidos.<\/p>\n","protected":false},"featured_media":28378,"comment_status":"open","ping_status":"closed","template":"","meta":[],"product_brand":[],"product_cat":[91],"product_tag":[],"class_list":{"0":"post-32761","1":"product","2":"type-product","3":"status-publish","4":"has-post-thumbnail","6":"product_cat-kit-gran-format","8":"first","9":"instock","10":"shipping-taxable","11":"purchasable","12":"product-type-simple"},"_links":{"self":[{"href":"https:\/\/leonardome.com\/ca\/wp-json\/wp\/v2\/product\/32761","targetHints":{"allow":["GET"]}}],"collection":[{"href":"https:\/\/leonardome.com\/ca\/wp-json\/wp\/v2\/product"}],"about":[{"href":"https:\/\/leonardome.com\/ca\/wp-json\/wp\/v2\/types\/product"}],"replies":[{"embeddable":true,"href":"https:\/\/leonardome.com\/ca\/wp-json\/wp\/v2\/comments?post=32761"}],"version-history":[{"count":1,"href":"https:\/\/leonardome.com\/ca\/wp-json\/wp\/v2\/product\/32761\/revisions"}],"predecessor-version":[{"id":32763,"href":"https:\/\/leonardome.com\/ca\/wp-json\/wp\/v2\/product\/32761\/revisions\/32763"}],"wp:featuredmedia":[{"embeddable":true,"href":"https:\/\/leonardome.com\/ca\/wp-json\/wp\/v2\/media\/28378"}],"wp:attachment":[{"href":"https:\/\/leonardome.com\/ca\/wp-json\/wp\/v2\/media?parent=32761"}],"wp:term":[{"taxonomy":"product_brand","embeddable":true,"href":"https:\/\/leonardome.com\/ca\/wp-json\/wp\/v2\/product_brand?post=32761"},{"taxonomy":"product_cat","embeddable":true,"href":"https:\/\/leonardome.com\/ca\/wp-json\/wp\/v2\/product_cat?post=32761"},{"taxonomy":"product_tag","embeddable":true,"href":"https:\/\/leonardome.com\/ca\/wp-json\/wp\/v2\/product_tag?post=32761"}],"curies":[{"name":"wp","href":"https:\/\/api.w.org\/{rel}","templated":true}]}}